{"id":33,"date":"2019-02-22T14:18:18","date_gmt":"2019-02-22T14:18:18","guid":{"rendered":"https:\/\/sephardicantata.shtetl.eu\/index.php\/about\/"},"modified":"2019-02-24T16:04:26","modified_gmt":"2019-02-24T16:04:26","slug":"about","status":"publish","type":"page","link":"https:\/\/sephardicantata.shtetl.eu\/index.php\/about\/","title":{"rendered":"impressum"},"content":{"rendered":"<div class=\"entry-content\">\n<p><em>shtetl<\/em><br \/>\nc\/o Ralf Kaupenjohann<br \/>\nWuppertaler Str. 424 b<br \/>\nD-45259 Essen<br \/>\n0049 (0)201 \/ 46 72 76<\/p>\n<p><a href=\"mailto:ralf@kaupenjohann.de\" target=\"_blank\" rel=\"noopener noreferrer\">Mailkontakt<\/a><\/p>\n<h3 id=\"h1_Haftungsauschluss\">Haftungsauschluss<\/h3>\n<p>Eine Haftung oder eine Garantie f\u00fcr Vollst\u00e4ndigkeit, Richtigkeit und Aktualit\u00e4t der Informationen und Daten k\u00f6nnen wir nicht \u00fcbernehmen. Diese Einschr\u00e4nkung gilt ebenso f\u00fcr alle anderen Webseiten, auf die von der Webseite www.sephardicantata.shtetl.eu aus verlinkt wird. <em>shtetl <\/em>ist auch nicht verantwortlich f\u00fcr Webseiten, die \u00fcber einen Hyperlink erreicht werden.<\/p>\n<p><em>shtetl <\/em>beh\u00e4lt sich au\u00dferdem vor, \u00c4nderungen, Verbesserungen oder Erg\u00e4nzungen der bereitgestellten Informationen oder Daten ohne Ank\u00fcndigung vorzunehmen.<\/p>\n<p>Der Inhalt der Webseite www.sephardicantata.shtetl.eu ist urheberrechtlich gesch\u00fctzt, die Vervielf\u00e4ltigung von Informationen oder Daten, insbesondere die Verwendung von Texten, Textteilen oder Bildmaterial bedarf der vorherigen Zustimmung von <em>shtetl<\/em>.<\/p>\n<p>S\u00e4mtliche Informationen oder Daten, ihre Nutzung sowie s\u00e4mtliches Tun, Dulden oder Unterlassen das mit der Website www.sephardicantata.shtetl.eu zusammenh\u00e4ngt, unterliegen ausschlie\u00dflich deutschem Recht.<\/p>\n<\/div>\n","protected":false},"excerpt":{"rendered":"<p>shtetl c\/o Ralf Kaupenjohann Wuppertaler Str. 424 b D-45259 Essen 0049 (0)201 \/ 46 72 76 Mailkontakt Haftungsauschluss Eine Haftung oder eine Garantie f\u00fcr Vollst\u00e4ndigkeit, Richtigkeit und Aktualit\u00e4t der Informationen und Daten k\u00f6nnen wir nicht \u00fcbernehmen. Diese Einschr\u00e4nkung gilt ebenso f\u00fcr alle anderen Webseiten, auf die von der Webseite www.sephardicantata.shtetl.eu aus verlinkt wird. shtetl ist [&hellip;]<\/p>\n","protected":false},"author":1,"featured_media":0,"parent":0,"menu_order":0,"comment_status":"closed","ping_status":"closed","template":"","meta":{"footnotes":""},"class_list":["post-33","page","type-page","status-publish","hentry"],"_links":{"self":[{"href":"https:\/\/sephardicantata.shtetl.eu\/index.php\/wp-json\/wp\/v2\/pages\/33","targetHints":{"allow":["GET"]}}],"collection":[{"href":"https:\/\/sephardicantata.shtetl.eu\/index.php\/wp-json\/wp\/v2\/pages"}],"about":[{"href":"https:\/\/sephardicantata.shtetl.eu\/index.php\/wp-json\/wp\/v2\/types\/page"}],"author":[{"embeddable":true,"href":"https:\/\/sephardicantata.shtetl.eu\/index.php\/wp-json\/wp\/v2\/users\/1"}],"replies":[{"embeddable":true,"href":"https:\/\/sephardicantata.shtetl.eu\/index.php\/wp-json\/wp\/v2\/comments?post=33"}],"version-history":[{"count":4,"href":"https:\/\/sephardicantata.shtetl.eu\/index.php\/wp-json\/wp\/v2\/pages\/33\/revisions"}],"predecessor-version":[{"id":87,"href":"https:\/\/sephardicantata.shtetl.eu\/index.php\/wp-json\/wp\/v2\/pages\/33\/revisions\/87"}],"wp:attachment":[{"href":"https:\/\/sephardicantata.shtetl.eu\/index.php\/wp-json\/wp\/v2\/media?parent=33"}],"curies":[{"name":"wp","href":"https:\/\/api.w.org\/{rel}","templated":true}]}}